{"id":2429,"date":"2019-02-13T09:23:20","date_gmt":"2019-02-13T08:23:20","guid":{"rendered":"http:\/\/asso-zr.com\/?page_id=2429"},"modified":"2019-02-15T19:42:49","modified_gmt":"2019-02-15T18:42:49","slug":"activites","status":"publish","type":"page","link":"https:\/\/asso-zr.com\/?page_id=2429","title":{"rendered":"Activit\u00e9s"},"content":{"rendered":"\t\t<div data-elementor-type=\"wp-post\" data-elementor-id=\"2429\" class=\"elementor elementor-2429 elementor-bc-flex-widget\">\n\t\t\t\t\t\t<section class=\"elementor-section elementor-top-section elementor-element elementor-element-e56d400 elementor-section-boxed elementor-section-height-default elementor-section-height-default\" data-id=\"e56d400\" data-element_type=\"section\">\n\t\t\t\t\t\t<div class=\"elementor-container elementor-column-gap-default\">\n\t\t\t\t\t<div class=\"elementor-column elementor-col-100 elementor-top-column elementor-element elementor-element-8d5b8cd\" data-id=\"8d5b8cd\" data-element_type=\"column\">\n\t\t\t<div class=\"elementor-widget-wrap elementor-element-populated\">\n\t\t\t\t\t\t<div class=\"elementor-element elementor-element-f586053 elementor-widget elementor-widget-image\" data-id=\"f586053\" data-element_type=\"widget\" data-widget_type=\"image.default\">\n\t\t\t\t<div class=\"elementor-widget-container\">\n\t\t\t\t\t\t\t\t\t\t\t\t\t<img decoding=\"async\" width=\"157\" height=\"150\" src=\"https:\/\/asso-zr.com\/wp-content\/uploads\/2019\/02\/logo-e1550758934280.jpg\" class=\"attachment-large size-large wp-image-2418\" alt=\"\" \/>\t\t\t\t\t\t\t\t\t\t\t\t\t<\/div>\n\t\t\t\t<\/div>\n\t\t\t\t\t<\/div>\n\t\t<\/div>\n\t\t\t\t\t<\/div>\n\t\t<\/section>\n\t\t\t\t<section class=\"elementor-section elementor-top-section elementor-element elementor-element-f74ea91 elementor-section-boxed elementor-section-height-default elementor-section-height-default\" data-id=\"f74ea91\" data-element_type=\"section\">\n\t\t\t\t\t\t<div class=\"elementor-container elementor-column-gap-default\">\n\t\t\t\t\t<div class=\"elementor-column elementor-col-100 elementor-top-column elementor-element elementor-element-6f77057\" data-id=\"6f77057\" data-element_type=\"column\">\n\t\t\t<div class=\"elementor-widget-wrap elementor-element-populated\">\n\t\t\t\t\t\t<div class=\"elementor-element elementor-element-713bcbd elementor-widget elementor-widget-text-editor\" data-id=\"713bcbd\" data-element_type=\"widget\" data-widget_type=\"text-editor.default\">\n\t\t\t\t<div class=\"elementor-widget-container\">\n\t\t\t\t\t\t\t<p>L&rsquo;Association Zheng&rsquo;Rong vous propose de d\u00e9couvrir les plantations de th\u00e9s directement en Chine. Que vous soyez amateur de Pu&rsquo;er, th\u00e9 vert ou blanc, nous vous proposons un voyage en totale immersion dans le monde du th\u00e9.<\/p><p>Nous vous ferons visiter les plantations de th\u00e9, les entrep\u00f4ts ainsi que les ateliers de confection. Vous pourrez confectionner votre propre Galette Pu&rsquo;er par exemple !\u00a0<\/p>\t\t\t\t\t\t<\/div>\n\t\t\t\t<\/div>\n\t\t\t\t\t<\/div>\n\t\t<\/div>\n\t\t\t\t\t<\/div>\n\t\t<\/section>\n\t\t\t\t<section class=\"elementor-section elementor-top-section elementor-element elementor-element-c1c9d51 elementor-section-boxed elementor-section-height-default elementor-section-height-default\" data-id=\"c1c9d51\" data-element_type=\"section\">\n\t\t\t\t\t\t<div class=\"elementor-container elementor-column-gap-default\">\n\t\t\t\t\t<div class=\"elementor-column elementor-col-100 elementor-top-column elementor-element elementor-element-bf66f0c\" data-id=\"bf66f0c\" data-element_type=\"column\">\n\t\t\t<div class=\"elementor-widget-wrap elementor-element-populated\">\n\t\t\t\t\t\t<div class=\"elementor-element elementor-element-4f386a6 elementor-widget elementor-widget-image\" data-id=\"4f386a6\" data-element_type=\"widget\" data-widget_type=\"image.default\">\n\t\t\t\t<div class=\"elementor-widget-container\">\n\t\t\t\t\t\t\t\t\t\t\t\t\t<img fetchpriority=\"high\" decoding=\"async\" width=\"680\" height=\"435\" src=\"https:\/\/asso-zr.com\/wp-content\/uploads\/2019\/02\/paysage-the-Chine.jpg\" class=\"attachment-large size-large wp-image-2472\" alt=\"\" srcset=\"https:\/\/asso-zr.com\/wp-content\/uploads\/2019\/02\/paysage-the-Chine.jpg 962w, https:\/\/asso-zr.com\/wp-content\/uploads\/2019\/02\/paysage-the-Chine-300x192.jpg 300w, https:\/\/asso-zr.com\/wp-content\/uploads\/2019\/02\/paysage-the-Chine-768x492.jpg 768w\" sizes=\"(max-width: 680px) 100vw, 680px\" \/>\t\t\t\t\t\t\t\t\t\t\t\t\t<\/div>\n\t\t\t\t<\/div>\n\t\t\t\t\t<\/div>\n\t\t<\/div>\n\t\t\t\t\t<\/div>\n\t\t<\/section>\n\t\t\t\t<\/div>\n\t\t","protected":false},"excerpt":{"rendered":"<p>L&rsquo;Association Zheng&rsquo;Rong vous propose de d\u00e9couvrir les plantations de th\u00e9s directement en Chine. Que vous soyez amateur de Pu&rsquo;er, th\u00e9 [&hellip;]<\/p>\n","protected":false},"author":1,"featured_media":0,"parent":0,"menu_order":0,"comment_status":"closed","ping_status":"closed","template":"","meta":{"footnotes":""},"class_list":["post-2429","page","type-page","status-publish","hentry"],"_links":{"self":[{"href":"https:\/\/asso-zr.com\/index.php?rest_route=\/wp\/v2\/pages\/2429","targetHints":{"allow":["GET"]}}],"collection":[{"href":"https:\/\/asso-zr.com\/index.php?rest_route=\/wp\/v2\/pages"}],"about":[{"href":"https:\/\/asso-zr.com\/index.php?rest_route=\/wp\/v2\/types\/page"}],"author":[{"embeddable":true,"href":"https:\/\/asso-zr.com\/index.php?rest_route=\/wp\/v2\/users\/1"}],"replies":[{"embeddable":true,"href":"https:\/\/asso-zr.com\/index.php?rest_route=%2Fwp%2Fv2%2Fcomments&post=2429"}],"version-history":[{"count":4,"href":"https:\/\/asso-zr.com\/index.php?rest_route=\/wp\/v2\/pages\/2429\/revisions"}],"predecessor-version":[{"id":2478,"href":"https:\/\/asso-zr.com\/index.php?rest_route=\/wp\/v2\/pages\/2429\/revisions\/2478"}],"wp:attachment":[{"href":"https:\/\/asso-zr.com\/index.php?rest_route=%2Fwp%2Fv2%2Fmedia&parent=2429"}],"curies":[{"name":"wp","href":"https:\/\/api.w.org\/{rel}","templated":true}]}}